{"id":22,"date":"2017-12-06T12:37:34","date_gmt":"2017-12-06T12:37:34","guid":{"rendered":"http:\/\/inukabakery.org\/?page_id=22"},"modified":"2020-03-04T14:01:44","modified_gmt":"2020-03-04T14:01:44","slug":"living-in-tanzania-with-a-disability","status":"publish","type":"page","link":"https:\/\/inukabakery.org\/de\/living-in-tanzania-with-a-disability\/","title":{"rendered":"Leben mit Behinderung in Tansania"},"content":{"rendered":"<h2 class=\"Text\"><span lang=\"DE\">&nbsp;<\/span><\/h2>\n<p class=\"Text\"><span lang=\"DE\"><img loading=\"lazy\" class=\"size-full wp-image-160 alignnone\" src=\"http:\/\/inukabakery.org\/wp-content\/uploads\/2018\/01\/disabled-women-begging.jpg\" alt=\"\" width=\"1014\" height=\"676\" srcset=\"https:\/\/inukabakery.org\/wp-content\/uploads\/2018\/01\/disabled-women-begging.jpg 1014w, https:\/\/inukabakery.org\/wp-content\/uploads\/2018\/01\/disabled-women-begging-450x300.jpg 450w, https:\/\/inukabakery.org\/wp-content\/uploads\/2018\/01\/disabled-women-begging-768x512.jpg 768w\" sizes=\"(max-width: 1014px) 100vw, 1014px\" \/><\/span><\/p>\n<p class=\"Text\"><span lang=\"DE\">&nbsp;<\/span><span lang=\"DE\">In Tansania leben ca. <\/span><span style=\"color: #0070c0;\" lang=\"DE\">50<\/span><span lang=\"DE\"> Millionen Menschen. 3.4 Millionen der Einwohner Tansanias leben mit einer Behinderung. Viele werden nicht mit einer solchen Behinderung geboren, sondern bekommen diese erst im Laufe ihres Lebens. Unf\u00e4lle und mangelnde medizinische Versorgung sind oft die Ursache. In der hiesigen Kultur werden behinderte Menschen <\/span><span style=\"color: #0070c0;\" lang=\"DE\">als wertlose <\/span><span lang=\"DE\">und <\/span><span style=\"color: #0070c0;\" lang=\"DE\">nicht <\/span><span lang=\"DE\">vollwertige Mitglieder der Gesellschaft angesehen. Oft werden sie beiseitegeschoben und ausgenutzt. Sie sind von ihrer Familie abh\u00e4ngig und f\u00fcr diese oft eine schwere Belastung. Die Familie sch\u00e4mt sich f\u00fcr ihr behindertes Kind und versucht es zu verstecken.&nbsp;<\/span><\/p>\n<p class=\"Text\"><span lang=\"DE\">&nbsp;<\/span><span lang=\"DE\">Viele Tansanie<\/span><span lang=\"DE\"><img loading=\"lazy\" class=\"alignleft size-medium wp-image-159\" src=\"http:\/\/inukabakery.org\/wp-content\/uploads\/2018\/01\/disabilities2-300x450.jpg\" alt=\"\" width=\"300\" height=\"450\"><\/span><span lang=\"DE\">r, die mit einer Behinderung leben m\u00fcssen, werden schon w\u00e4hrend der Kindheit ihrer Chancen beraubt. <\/span><\/p>\n<p class=\"Text\"><span lang=\"DE\">Trotz intensiver Versuche <\/span><span lang=\"DE\">des Staates Kindern eine Schulausbildung zu gew\u00e4hrleisten, gehen lediglich 1% aller Kinder mit einer Behinderung zur Schule. (2007) <\/span><\/p>\n<p class=\"Text\"><span lang=\"DE\">Die mangelnde<\/span><span lang=\"DE\"> Ausbildung wirkt sich im Erwachsenenalter drastisch aus. Sie werden bei der Suche nach einem Arbeitsplatz nicht ernstgenommen und sind h\u00e4ufig unterbezahlt. <\/span><\/p>\n<p class=\"Text\"><span lang=\"DE\">Tansanier mit B<\/span><span lang=\"DE\">ehinderung sind die \u00c4rmsten im Land. Besonders im Stra\u00dfenbild von Dar Es Salaam fallen sie als Bettler an den gro\u00dfen Stra\u00dfenkreuzungen deutlich auf.<\/span><\/p>\n<p class=\"Text\"><span lang=\"DE\">&nbsp;<\/span><span lang=\"DE\">\u201eIch bettele nun f\u00fcr mehr als 5 Jahre und habe das Gef\u00fchl in eine Schublade gesteckt zu werden. Menschen die mich von fr\u00fcher kennen, bezeichnen mich als verr\u00fcckt. Andere<\/span><span lang=\"DE\"> sagen, ich sei faul. <\/span><\/p>\n<p class=\"Text\"><span lang=\"DE\">Nun, ich bin behindert und meine Familie ist es leid, dass ich von ihr abh\u00e4ngig bin. In ihren Augen bin ich unproduktiv und stelle Anspr\u00fcche. Dies hat mich letztlich in die Bettelei gebracht\u201c, sagt eine Frau in Tansanias Hauptstadt Dodoma. <\/span><\/p>\n<p class=\"Text\"><span lang=\"DE\">&nbsp;<\/span><span lang=\"DE\">Ein Zugang zum Gesundheitswesen oder in eine Rehabilitation ist besonders schwierig f\u00fcr diejenigen, die in l\u00e4ndlichen Gegenden leben. Vermutlich nehmen nur 2% der Behinderten in Tansania Rehabilitationsma\u00dfnahmen in Anspruch. <\/span><\/p>\n<p class=\"Text\"><span lang=\"DE\">&nbsp;<\/span><\/p>","protected":false},"excerpt":{"rendered":"<p>&nbsp; &nbsp;In Tansania leben ca. 50 Millionen Menschen. 3.4 Millionen der Einwohner Tansanias leben mit einer Behinderung. Viele werden nicht mit einer solchen Behinderung geboren, sondern bekommen diese erst im Laufe ihres Lebens. Unf\u00e4lle und mangelnde medizinische Versorgung sind oft die Ursache. In der hiesigen Kultur werden behinderte Menschen als wertlose und nicht vollwertige Mitglieder &#8230; <a title=\"Leben mit Behinderung in Tansania\" class=\"read-more\" href=\"https:\/\/inukabakery.org\/de\/living-in-tanzania-with-a-disability\/\">Weiterlesen <span class=\"screen-reader-text\">Leben mit Behinderung in Tansania<\/span><\/a><\/p>\n","protected":false},"author":1,"featured_media":0,"parent":0,"menu_order":4,"comment_status":"closed","ping_status":"closed","template":"","meta":[],"_links":{"self":[{"href":"https:\/\/inukabakery.org\/de\/wp-json\/wp\/v2\/pages\/22"}],"collection":[{"href":"https:\/\/inukabakery.org\/de\/wp-json\/wp\/v2\/pages"}],"about":[{"href":"https:\/\/inukabakery.org\/de\/wp-json\/wp\/v2\/types\/page"}],"author":[{"embeddable":true,"href":"https:\/\/inukabakery.org\/de\/wp-json\/wp\/v2\/users\/1"}],"replies":[{"embeddable":true,"href":"https:\/\/inukabakery.org\/de\/wp-json\/wp\/v2\/comments?post=22"}],"version-history":[{"count":13,"href":"https:\/\/inukabakery.org\/de\/wp-json\/wp\/v2\/pages\/22\/revisions"}],"predecessor-version":[{"id":472,"href":"https:\/\/inukabakery.org\/de\/wp-json\/wp\/v2\/pages\/22\/revisions\/472"}],"wp:attachment":[{"href":"https:\/\/inukabakery.org\/de\/wp-json\/wp\/v2\/media?parent=22"}],"curies":[{"name":"wp","href":"https:\/\/api.w.org\/{rel}","templated":true}]}}