{"id":2,"date":"2017-12-05T12:41:36","date_gmt":"2017-12-05T12:41:36","guid":{"rendered":"http:\/\/inukabakery.org\/?page_id=2"},"modified":"2020-03-09T16:07:28","modified_gmt":"2020-03-09T16:07:28","slug":"home","status":"publish","type":"page","link":"https:\/\/inukabakery.org\/de\/","title":{"rendered":"Home"},"content":{"rendered":"<h2>Schenke Lebensqualit\u00e4t<\/h2>\n<h2>durch Unterst\u00fctzung des Inuka B\u00e4ckerei-Projektes<\/h2>\n<p><strong>\u00a0<\/strong><\/p>\n<p>Ein Leben mit Behinderung ist hart und schwer in Dar es Salaam (Tansania). Man hat keinen Wert in der Gesellschaft, es wird ver\u00e4chtlich auf einen heruntergeschaut. Die eigene Familie ist vielleicht bereit f\u00fcr einen zu sorgen, wenn sie dazu in der Lage ist. Wenn nicht, dann bleibt einem nur an den Stra\u00dfenecken zu betteln, damit man hoffentlich etwas zum Essen hat. Es ist fast unm\u00f6glich Arbeit zu finden. Niemand wirdeinen Behinderten einstellen, h\u00f6chstens f\u00fcr eine Gelegenheitsarbeit.<\/p>\n<p>INUKA erm\u00f6glicht Menschen mit Behinderung einen Arbeitsplatz zu finden, denn diese Menschen sind in Gottes Augen nicht weniger wert als Menschen ohne Behinderung.<\/p>\n<p>Die Angestellten bei INUKA haben eine Behinderung, bekommen jedoch durch INUKA die M\u00f6glichkeit ihr eigenes Geld zu verdienen. Ihr Leben hat dadurch eine ganz neue Qualit\u00e4t bekommen. Sie k\u00f6nnen sich Essen kaufen, das Schulgeld f\u00fcr ihre Kinder bezahlen und ihr eigenes Zuhause haben, anstatt irgendwo auf der Stra\u00dfe leben zu m\u00fcssen.<\/p>\n<p>Aber der Bedarf ist sehr viel gr\u00f6\u00dfer! Immer wieder kommen neue Leute und bitten darum, einen Arbeitsplatz zu bekommen. Aus diesem Grund er\u00f6ffnen wir die INUKA\u00a0 B\u00e4ckerei in<\/p>\n<p>Zusammenarbeit mit \u201eStichting Brood voor Weeskinderen\u201c. Das Projekt wird einen Arbeitsplatz f\u00fcr weitere 10 \u2013 15 Menschen mit Behinderung bieten.<\/p>\n<h2>Das B\u00e4ckereiprojekt in K\u00fcrze :<\/h2>\n<ul>\n<li>Es hilft 12-15 geistig oder k\u00f6rperlich behinderten Menschen Arbeit und Einkommen zu finden.<\/li>\n<li>Es gibt diesen Menschen neue Lebensqualit\u00e4t.<\/li>\n<li>Sie lernen backen durch \u201eBrood voor weeskinderen\u201c.<\/li>\n<li>Das Projekt soll sich selbst tragen und unabh\u00e4ngig werden von ausl\u00e4ndischen Spendern.<\/li>\n<li>Es soll der Beginn weiteren Wachstums und neuer Ideen sein.<\/li>\n<li>Es soll der Gesellschaft zeigen, dass Behinderte in der Lage sind sich selbst zu helfen.<\/li>\n<\/ul>\n<p style=\"text-align: center;\"><strong>M\u00f6chten Sie uns gerne dabei unterst\u00fctzen und ein Teil des Projektes sein?<\/strong><\/p>\n<p style=\"text-align: center;\"><strong>Wie w\u00e4re es, wenn Sie diesen behinderten Menschen eine Perspektive geben w\u00fcrden?<\/strong><\/p>\n<table>\n<tbody>\n<tr>\n<td style=\"width: 33.33%; vertical-align: top;\">\n<h3 class=\"Text\"><span lang=\"DE\">Inuka B\u00e4ckerei Projekt<\/span><\/h3>\n<p><a href=\"http:\/\/inukabakery.org\/nuru-bakery-project\/\"><img loading=\"lazy\" class=\"alignnone size-full wp-image-89\" src=\"http:\/\/inukabakery.org\/wp-content\/uploads\/2017\/12\/img1.jpg\" alt=\"\" width=\"620\" height=\"400\" srcset=\"https:\/\/inukabakery.org\/wp-content\/uploads\/2017\/12\/img1.jpg 620w, https:\/\/inukabakery.org\/wp-content\/uploads\/2017\/12\/img1-300x194.jpg 300w\" sizes=\"(max-width: 620px) 100vw, 620px\" \/><\/a><\/p>\n<p>Unser Ziel ist es, ein geregeltes Einkommen f\u00fcr wenigstens 12 Personen mit einer geistigen oder k\u00f6rperlichen Behinderung regelm\u00e4\u00dfig zu gew\u00e4hrleisten.<\/p>\n<p><a href=\"http:\/\/inukabakery.org\/inuka-bakery-project\/\">Read more<\/a><\/td>\n<td style=\"width: 33.33%; vertical-align: top;\">\n<h3>Brood voor weeskinderen<\/h3>\n<p><img loading=\"lazy\" class=\"wp-image-325 aligncenter\" src=\"http:\/\/inukabakery.org\/wp-content\/uploads\/2018\/03\/11-12063435_1016264605092354_2452274156916702597_n-1-450x305.jpg\" alt=\"\" width=\"345\" height=\"234\" srcset=\"https:\/\/inukabakery.org\/wp-content\/uploads\/2018\/03\/11-12063435_1016264605092354_2452274156916702597_n-1-450x305.jpg 450w, https:\/\/inukabakery.org\/wp-content\/uploads\/2018\/03\/11-12063435_1016264605092354_2452274156916702597_n-1.jpg 747w\" sizes=\"(max-width: 345px) 100vw, 345px\" \/><\/p>\n<p>Wij willen de allerarmsten en kansarmen een menswaardig bestaan geven. Daarom geven we hen een opleiding tot bakker en ondersteunen hen in het exploiteren van de bakkerij.<\/p>\n<p><a href=\"http:\/\/inukabakery.org\/brood-voor-weeskinderen\/\">Read more<\/a><\/td>\n<td style=\"width: 33.33%; vertical-align: top;\">\n<h3>About us<\/h3>\n<p><img loading=\"lazy\" class=\"alignleft size-medium wp-image-205\" src=\"http:\/\/inukabakery.org\/wp-content\/uploads\/2018\/01\/brood-voor-weeskinderen-_102515-450x253.jpg\" alt=\"\" width=\"450\" height=\"253\" srcset=\"https:\/\/inukabakery.org\/wp-content\/uploads\/2018\/01\/brood-voor-weeskinderen-_102515-450x253.jpg 450w, https:\/\/inukabakery.org\/wp-content\/uploads\/2018\/01\/brood-voor-weeskinderen-_102515-768x432.jpg 768w, https:\/\/inukabakery.org\/wp-content\/uploads\/2018\/01\/brood-voor-weeskinderen-_102515.jpg 900w\" sizes=\"(max-width: 450px) 100vw, 450px\" \/><\/p>\n<p>In januari 2017 besloten we om meer mensen te helpen door het Inuka Bakery-project te starten.<\/p>\n<p><a href=\"http:\/\/inukabakery.org\/about-us\">Read more<\/a><\/p>\n<p>&nbsp;<\/td>\n<\/tr>\n<tr>\n<td style=\"vertical-align: top;\"><\/td>\n<td style=\"vertical-align: top;\">\n<h3>Nieuws<\/h3>\n<p><img loading=\"lazy\" class=\"alignleft size-medium wp-image-461\" src=\"http:\/\/inukabakery.org\/wp-content\/uploads\/2020\/03\/brood8-253x450.jpg\" alt=\"\" width=\"253\" height=\"450\" srcset=\"https:\/\/inukabakery.org\/wp-content\/uploads\/2020\/03\/brood8-253x450.jpg 253w, https:\/\/inukabakery.org\/wp-content\/uploads\/2020\/03\/brood8-576x1024.jpg 576w, https:\/\/inukabakery.org\/wp-content\/uploads\/2020\/03\/brood8.jpg 607w\" sizes=\"(max-width: 253px) 100vw, 253px\" \/><\/p>\n<p>Blijf op de hoogte van de laatste ontwikkelingen<\/p>\n<p><a href=\"http:\/\/inukabakery.org\/news\/\">Read more<\/a><\/td>\n<td style=\"vertical-align: top;\"><\/td>\n<\/tr>\n<\/tbody>\n<\/table>","protected":false},"excerpt":{"rendered":"<p>Schenke Lebensqualit\u00e4t durch Unterst\u00fctzung des Inuka B\u00e4ckerei-Projektes \u00a0 Ein Leben mit Behinderung ist hart und schwer in Dar es Salaam (Tansania). Man hat keinen Wert in der Gesellschaft, es wird ver\u00e4chtlich auf einen heruntergeschaut. Die eigene Familie ist vielleicht bereit f\u00fcr einen zu sorgen, wenn sie dazu in der Lage ist. Wenn nicht, dann bleibt &#8230; <a title=\"Home\" class=\"read-more\" href=\"https:\/\/inukabakery.org\/de\/\">Weiterlesen <span class=\"screen-reader-text\">Home<\/span><\/a><\/p>\n","protected":false},"author":1,"featured_media":0,"parent":0,"menu_order":0,"comment_status":"closed","ping_status":"closed","template":"","meta":[],"_links":{"self":[{"href":"https:\/\/inukabakery.org\/de\/wp-json\/wp\/v2\/pages\/2"}],"collection":[{"href":"https:\/\/inukabakery.org\/de\/wp-json\/wp\/v2\/pages"}],"about":[{"href":"https:\/\/inukabakery.org\/de\/wp-json\/wp\/v2\/types\/page"}],"author":[{"embeddable":true,"href":"https:\/\/inukabakery.org\/de\/wp-json\/wp\/v2\/users\/1"}],"replies":[{"embeddable":true,"href":"https:\/\/inukabakery.org\/de\/wp-json\/wp\/v2\/comments?post=2"}],"version-history":[{"count":121,"href":"https:\/\/inukabakery.org\/de\/wp-json\/wp\/v2\/pages\/2\/revisions"}],"predecessor-version":[{"id":581,"href":"https:\/\/inukabakery.org\/de\/wp-json\/wp\/v2\/pages\/2\/revisions\/581"}],"wp:attachment":[{"href":"https:\/\/inukabakery.org\/de\/wp-json\/wp\/v2\/media?parent=2"}],"curies":[{"name":"wp","href":"https:\/\/api.w.org\/{rel}","templated":true}]}}