{"id":15,"date":"2017-12-06T12:36:16","date_gmt":"2017-12-06T12:36:16","guid":{"rendered":"http:\/\/inukabakery.org\/?page_id=15"},"modified":"2020-11-28T09:50:34","modified_gmt":"2020-11-28T09:50:34","slug":"inuka-bakery-project","status":"publish","type":"page","link":"https:\/\/inukabakery.org\/de\/inuka-bakery-project\/","title":{"rendered":"Inuka B\u00e4ckerei Projekt"},"content":{"rendered":"Unser Ziel ist es, ein geregeltes Einkommen f\u00fcr wenigstens 12 Personen mit einer geistigen oder k\u00f6rperlichen Behinderung regelm\u00e4\u00dfig zu gew\u00e4hrleisten. Die Menschen werden dann nicht mehr von ihren Familien abh\u00e4ngig sein und k\u00f6nnen ein eigenes Zuhause haben.<\/p>\n<p>Hoffentlich werden es immer mehr, denen geholfen werden kann.<\/p>\n<p>&nbsp;<\/p>\n<p>Das B\u00e4ckereiprojekt in K\u00fcrze :<\/p>\n<ul>\n<li>Es hilft 12-15 geistig oder k\u00f6rperlich behinderten Menschen Arbeit und Einkommen zu finden.<\/li>\n<li>Es gibt diesen Menschen neue Lebensqualit\u00e4t.<\/li>\n<li>Sie lernen backen durch \u201eBrood voor weeskinderen\u201c.<\/li>\n<li>Das Projekt soll sich selbst tragen und unabh\u00e4ngig werden von ausl\u00e4ndischen Spendern.<\/li>\n<li>Es soll der Beginn weiteren Wachstums und neuer Ideen sein.<\/li>\n<li>Es soll der Gesellschaft zeigen, dass Behinderte in der Lage sind sich selbst zu helfen.<\/li>\n<\/ul>\n<p>&nbsp;<\/p>\n<p>M\u00f6chten Sie uns gerne dabei unterst\u00fctzen und ein Teil des Projektes sein?<\/p>\n<p>Wie w\u00e4re es, wenn Sie diesen behinderten Menschen eine Perspektive geben w\u00fcrden?<\/p>\n<p>Um das Projekt mit Leben zu erf\u00fcllen, brauchen wir Ihre Hilfe, denn f\u00fcr den Beginn ben\u00f6tigen wir finanzielle Mittel. Helfen Sie uns, damit diese behinderten Menschen eine Perspektive bekommen. Bitte spenden Sie, oder laden uns zu einer Veranstaltung in ihre Gemeinde ein, um das Projekt vorzustellen.<\/p>\n<p>&nbsp;<\/p>\n<p>Das Projekt \u201eBrood voor Weeskinderen\u201c wurde im Januar 2017 in Tansania begonnen. Momentan suchen wir ein geeignetes Gel\u00e4nde f\u00fcr dieses Projekt.<\/p>\n<p>&nbsp;<\/p>\n<p>Budget<\/p>\n<p>Anf\u00e4nglich ben\u00f6tigen wir eine Summe von 114.750 Euro f\u00fcr die Investitionen und um kostendeckend arbeiten zu k\u00f6nnen. Danach wird das Projekt unabh\u00e4ngig von weiteren Spenden arbeiten k\u00f6nnen. Unser Ziel ist es den Fortbestand der B\u00e4ckerei durch die Verkaufserl\u00f6se zu sichern.<\/p>\n<p>Die genannte Summe wird wie folgt verwendet:<\/p>\n<p>Registrierung und Eintragung:\u00a0\u00a0\u00a0\u00a0\u00a0\u00a0\u00a0\u00a0\u00a0\u00a0\u00a0\u00a0\u00a0\u00a0\u00a0\u00a0\u00a0\u00a0\u00a0\u00a0\u00a0\u00a0\u00a0\u00a0\u00a0\u00a0\u00a0\u00a0\u00a0\u00a0\u00a0\u00a0\u00a0\u00a0\u00a0\u00a0\u00a0\u00a0\u00a0\u00a0\u00a0\u00a0\u00a0\u00a0\u00a0\u00a0\u00a0\u00a0\u00a0\u00a0\u00a0\u00a0\u00a0\u00a0\u00a0\u00a0\u00a0\u00a0\u00a0\u00a0\u00a0\u00a0\u00a0\u00a0\u00a0\u00a0\u00a0\u00a0\u00a0\u00a0\u00a0\u00a0\u00a0\u00a0\u00a0\u00a0\u00a0 349 Euro<\/p>\n<p>Erwerb eines Grundst\u00fcckes und Bau der Geb\u00e4ude:\u00a0\u00a0\u00a0\u00a0\u00a0\u00a0\u00a0\u00a0\u00a0\u00a0\u00a0\u00a0\u00a0\u00a0\u00a0\u00a0\u00a0\u00a0\u00a0\u00a0\u00a0\u00a0\u00a0\u00a0\u00a0\u00a0\u00a0\u00a0\u00a0\u00a0\u00a0\u00a0\u00a0\u00a0\u00a0\u00a0 72,463 Euro<\/p>\n<p>Maschinen und Einrichtung:\u00a0\u00a0\u00a0\u00a0\u00a0\u00a0\u00a0\u00a0\u00a0\u00a0\u00a0\u00a0\u00a0\u00a0\u00a0\u00a0\u00a0\u00a0\u00a0\u00a0\u00a0\u00a0\u00a0\u00a0\u00a0\u00a0\u00a0\u00a0\u00a0\u00a0\u00a0\u00a0\u00a0\u00a0\u00a0\u00a0\u00a0\u00a0\u00a0\u00a0\u00a0\u00a0\u00a0\u00a0\u00a0\u00a0\u00a0\u00a0\u00a0\u00a0\u00a0\u00a0\u00a0\u00a0\u00a0\u00a0\u00a0\u00a0\u00a0\u00a0\u00a0\u00a0\u00a0\u00a0\u00a0\u00a0\u00a0\u00a0\u00a0\u00a0\u00a0\u00a0\u00a0\u00a0\u00a0\u00a0 12,768 Euro<\/p>\n<p>Training\/Schulung\/Ausbildung:\u00a0\u00a0\u00a0\u00a0\u00a0\u00a0\u00a0\u00a0\u00a0\u00a0\u00a0\u00a0\u00a0\u00a0\u00a0\u00a0\u00a0\u00a0\u00a0\u00a0\u00a0\u00a0\u00a0\u00a0\u00a0\u00a0\u00a0\u00a0\u00a0\u00a0\u00a0\u00a0\u00a0\u00a0\u00a0\u00a0\u00a0\u00a0\u00a0\u00a0\u00a0\u00a0\u00a0\u00a0\u00a0\u00a0\u00a0\u00a0\u00a0\u00a0\u00a0\u00a0\u00a0\u00a0\u00a0\u00a0\u00a0\u00a0\u00a0\u00a0\u00a0\u00a0\u00a0\u00a0\u00a0\u00a0\u00a0\u00a0\u00a0\u00a0\u00a0\u00a0 4,427 Euro<\/p>\n<p>Management und R\u00fccklagen f\u00fcr evtl. Ausf\u00e4lle;\u00a0\u00a0\u00a0\u00a0\u00a0\u00a0\u00a0\u00a0\u00a0\u00a0\u00a0\u00a0\u00a0\u00a0\u00a0\u00a0\u00a0\u00a0\u00a0\u00a0\u00a0\u00a0\u00a0\u00a0\u00a0\u00a0\u00a0\u00a0\u00a0\u00a0\u00a0\u00a0\u00a0\u00a0\u00a0\u00a0\u00a0\u00a0\u00a0\u00a0\u00a0\u00a0\u00a0\u00a0\u00a0\u00a0 8,558 Euro<\/p>\n<p>&nbsp;<\/p>\n<p>Gesamt: \u00a0\u00a0\u00a0\u00a0\u00a0\u00a0\u00a0\u00a0\u00a0\u00a0\u00a0\u00a0\u00a0\u00a0\u00a0\u00a0\u00a0\u00a0\u00a0\u00a0\u00a0\u00a0\u00a0\u00a0\u00a0\u00a0\u00a0\u00a0\u00a0\u00a0\u00a0\u00a0\u00a0\u00a0\u00a0\u00a0\u00a0\u00a0\u00a0\u00a0\u00a0\u00a0\u00a0\u00a0\u00a0\u00a0\u00a0\u00a0\u00a0\u00a0\u00a0\u00a0\u00a0\u00a0\u00a0\u00a0\u00a0\u00a0\u00a0\u00a0\u00a0\u00a0\u00a0\u00a0\u00a0\u00a0\u00a0\u00a0\u00a0\u00a0\u00a0\u00a0\u00a0\u00a0\u00a0\u00a0\u00a0\u00a0\u00a0\u00a0\u00a0\u00a0\u00a0\u00a0\u00a0\u00a0\u00a0\u00a0\u00a0\u00a0\u00a0\u00a0\u00a0\u00a0\u00a0\u00a0\u00a0\u00a0\u00a0\u00a0\u00a0\u00a0\u00a0\u00a0\u00a0\u00a0\u00a0\u00a0\u00a0\u00a0\u00a0\u00a0 98,565 Euro<\/p>\n<p>&nbsp;<\/p>\n<p>&nbsp;<\/p>\n<p>&nbsp;<\/p>\n<p>&nbsp;<\/p>\n<p>&nbsp;","protected":false},"excerpt":{"rendered":"<p>Unser Ziel ist es, ein geregeltes Einkommen f\u00fcr wenigstens 12 Personen mit einer geistigen oder k\u00f6rperlichen Behinderung regelm\u00e4\u00dfig zu gew\u00e4hrleisten. Die Menschen werden dann nicht mehr von ihren Familien abh\u00e4ngig sein und k\u00f6nnen ein eigenes Zuhause haben. Hoffentlich werden es immer mehr, denen geholfen werden kann. &nbsp; Das B\u00e4ckereiprojekt in K\u00fcrze : Es hilft 12-15 &#8230; <a title=\"Inuka B\u00e4ckerei Projekt\" class=\"read-more\" href=\"https:\/\/inukabakery.org\/de\/inuka-bakery-project\/\">Weiterlesen <span class=\"screen-reader-text\">Inuka B\u00e4ckerei Projekt<\/span><\/a><\/p>\n","protected":false},"author":1,"featured_media":0,"parent":0,"menu_order":1,"comment_status":"closed","ping_status":"closed","template":"","meta":[],"_links":{"self":[{"href":"https:\/\/inukabakery.org\/de\/wp-json\/wp\/v2\/pages\/15"}],"collection":[{"href":"https:\/\/inukabakery.org\/de\/wp-json\/wp\/v2\/pages"}],"about":[{"href":"https:\/\/inukabakery.org\/de\/wp-json\/wp\/v2\/types\/page"}],"author":[{"embeddable":true,"href":"https:\/\/inukabakery.org\/de\/wp-json\/wp\/v2\/users\/1"}],"replies":[{"embeddable":true,"href":"https:\/\/inukabakery.org\/de\/wp-json\/wp\/v2\/comments?post=15"}],"version-history":[{"count":37,"href":"https:\/\/inukabakery.org\/de\/wp-json\/wp\/v2\/pages\/15\/revisions"}],"predecessor-version":[{"id":592,"href":"https:\/\/inukabakery.org\/de\/wp-json\/wp\/v2\/pages\/15\/revisions\/592"}],"wp:attachment":[{"href":"https:\/\/inukabakery.org\/de\/wp-json\/wp\/v2\/media?parent=15"}],"curies":[{"name":"wp","href":"https:\/\/api.w.org\/{rel}","templated":true}]}}