{"id":127,"date":"2017-12-14T19:32:22","date_gmt":"2017-12-14T19:32:22","guid":{"rendered":"http:\/\/inukabakery.org\/?page_id=127"},"modified":"2018-08-22T08:49:20","modified_gmt":"2018-08-22T08:49:20","slug":"brood-voor-weeskinderen","status":"publish","type":"page","link":"https:\/\/inukabakery.org\/de\/brood-voor-weeskinderen\/","title":{"rendered":"Brood voor weeskinderen"},"content":{"rendered":"<h2>B\u00e4ckereien f\u00fcr ein besseres Leben!<\/h2>\n<p>Unser Ziel ist, den \u00c4rmsten und Chancenlosen eine Perspektive zu geben. Wir wollen ihnen Hilfestellung geben im Aufbau einer B\u00e4ckerei<span style=\"text-decoration: line-through;\">,<\/span> Brot backen lehren damit sie ein gesichertes Einkommen haben. Damit bekommen sie eine Arbeit und eine Zukunftsperspektive. Sie sollen nicht von anderen abh\u00e4ngig sein m\u00fcssen, sondern selbstst\u00e4ndig werden und Verantwortung \u00fcbernehmen f\u00fcr den Verkauf der Backwaren auf den lokalen M\u00e4rkten.<\/p>\n<p>Im Jahre 2016 ging in Burundi die zweite B\u00e4ckerei an den Start. Im Jahr davor verschifften wir die Container mit allen ben\u00f6tigten Materialien und bereits im Oktober begann das Training f\u00fcr die jungen und bis dahin relativ chancenlosen Menschen. Im Jahr 2016 wurden 10 Sch\u00fcler vom Niederl\u00e4ndischen Botschafter in Burundi, Harry Verweij, f\u00fcr ihre Arbeit ausgezeichnet.<img loading=\"lazy\" class=\"size-medium wp-image-205 alignright\" src=\"http:\/\/inukabakery.org\/wp-content\/uploads\/2018\/01\/brood-voor-weeskinderen-_102515-450x253.jpg\" alt=\"\" width=\"450\" height=\"253\" srcset=\"https:\/\/inukabakery.org\/wp-content\/uploads\/2018\/01\/brood-voor-weeskinderen-_102515-450x253.jpg 450w, https:\/\/inukabakery.org\/wp-content\/uploads\/2018\/01\/brood-voor-weeskinderen-_102515-768x432.jpg 768w, https:\/\/inukabakery.org\/wp-content\/uploads\/2018\/01\/brood-voor-weeskinderen-_102515.jpg 900w\" sizes=\"(max-width: 450px) 100vw, 450px\" \/><\/p>\n<p>Bisher arbeiteten wir lediglich in Burundi, weil unser Gr\u00fcnder Cees Schook 2008 dort die erste B\u00e4ckerei f\u00fcr Waisenkinder aufbaute. Jetzt wollen wir gemeinsam mit Inuka eine B\u00e4ckerei in Tansania aufbauen. Diesmal f\u00fcr Menschen mit einer geistigen oder k\u00f6rperlichen Behinderung. Eine neue gro\u00dfe Herausforderung.<\/p>\n<p>Die Erfahrungen, die wir in den vergangenen Jahren sammeln konnten, helfen uns nun den speziellen Anforderungen und N\u00f6ten in Tansania zu begegnen und kontextgerecht auch aus den Niederlanden helfen zu k\u00f6nnen.<\/p>\n<p><span style=\"text-decoration: line-through;\">\u00a0<\/span><\/p>\n<p>Wir arbeiten immer mit lokalen Partnern. Sie kennen die Menschen und die \u00f6rtlichen Bedingungen. Zusammen mit ihnen errichten wir die B\u00e4ckerei, wof\u00fcr wir die Maschinen aus den Niederlanden einf\u00fchren. Diese Maschinen werden in den Niederlanden nicht mehr eingesetzt, k\u00f6nnen aber in Afrika noch ohne weiteres verwendet werden. Obwohl es sich um \u00e4ltere Maschinen handelt, sind sie oft besser geeignet als neue und elektronisch gesteuerte Maschinen. Vor Ort schulen wir die Mitarbeiter und arbeiten gemeinsam f\u00fcr einige Wochen mit ihnen.<\/p>\n<p>Auch in den folgenden Jahren k\u00fcmmern wir uns um die weitere Entwicklung der B\u00e4ckerei.<\/p>\n<p>Alle Reisekosten werden von uns getragen. Ihre Spenden werden so effektiv wie nur irgend m\u00f6glich verwendet.<\/p>\n<p>Bitte sehen sie weitere Einzelheiten auf unserer website hier.<\/p>\n<p>&nbsp;","protected":false},"excerpt":{"rendered":"<p>B\u00e4ckereien f\u00fcr ein besseres Leben! Unser Ziel ist, den \u00c4rmsten und Chancenlosen eine Perspektive zu geben. Wir wollen ihnen Hilfestellung geben im Aufbau einer B\u00e4ckerei, Brot backen lehren damit sie ein gesichertes Einkommen haben. Damit bekommen sie eine Arbeit und eine Zukunftsperspektive. Sie sollen nicht von anderen abh\u00e4ngig sein m\u00fcssen, sondern selbstst\u00e4ndig werden und Verantwortung &#8230; <a title=\"Brood voor weeskinderen\" class=\"read-more\" href=\"https:\/\/inukabakery.org\/de\/brood-voor-weeskinderen\/\">Weiterlesen <span class=\"screen-reader-text\">Brood voor weeskinderen<\/span><\/a><\/p>\n","protected":false},"author":1,"featured_media":0,"parent":0,"menu_order":6,"comment_status":"closed","ping_status":"closed","template":"","meta":[],"_links":{"self":[{"href":"https:\/\/inukabakery.org\/de\/wp-json\/wp\/v2\/pages\/127"}],"collection":[{"href":"https:\/\/inukabakery.org\/de\/wp-json\/wp\/v2\/pages"}],"about":[{"href":"https:\/\/inukabakery.org\/de\/wp-json\/wp\/v2\/types\/page"}],"author":[{"embeddable":true,"href":"https:\/\/inukabakery.org\/de\/wp-json\/wp\/v2\/users\/1"}],"replies":[{"embeddable":true,"href":"https:\/\/inukabakery.org\/de\/wp-json\/wp\/v2\/comments?post=127"}],"version-history":[{"count":12,"href":"https:\/\/inukabakery.org\/de\/wp-json\/wp\/v2\/pages\/127\/revisions"}],"predecessor-version":[{"id":411,"href":"https:\/\/inukabakery.org\/de\/wp-json\/wp\/v2\/pages\/127\/revisions\/411"}],"wp:attachment":[{"href":"https:\/\/inukabakery.org\/de\/wp-json\/wp\/v2\/media?parent=127"}],"curies":[{"name":"wp","href":"https:\/\/api.w.org\/{rel}","templated":true}]}}